{"id":57,"date":"2018-06-06T08:26:14","date_gmt":"2018-06-06T08:26:14","guid":{"rendered":"http:\/\/karina.dressel-einrichtungen.de\/?page_id=57"},"modified":"2022-10-27T14:51:45","modified_gmt":"2022-10-27T14:51:45","slug":"startseite","status":"publish","type":"page","link":"https:\/\/www.karina-fusspflege.com\/","title":{"rendered":"<center> \u00bb Willkommen \u00ab<\/center>"},"content":{"rendered":"\n<h2>Herzlich willkommen bei der mobilen Fusspflege von Karina Dressel<\/h2>\n\n\n\n<h1>&nbsp;<\/h1>\n\n\n\n<p class=\"has-text-align-center\">Schritt f\u00fcr Schritt tragen unsere F\u00fc\u00dfe uns durch ein ganzes Leben.<br>Trotzdem werden sie h\u00e4ufig zu sehr vernachl\u00e4ssigt.<\/p>\n\n\n\n<p class=\"has-text-align-center\">F\u00fcr m\u00fcde F\u00fc\u00dfe ist jeder Weg ein weiter Weg!<br><strong>Deshalb komme ich gerne zu Ihnen nach Hause,<\/strong><\/p>\n\n\n\n<p class=\"has-text-align-center\">so dass Sie sich und Ihren F\u00fc\u00dfen in den eigenen vier W\u00e4nden mit Ruhe etwas Gutes tun k\u00f6nnen<\/p>\n\n\n\n<p class=\"has-text-align-center\">Dazu biete ich Ihnen eine professionelle Fach-Fu\u00dfpflege an, nat\u00fcrlich bringe ich alle notwendigen Ger\u00e4te mit.<\/p>\n\n\n\n<p class=\"has-text-align-center\">Durch gesunde und gepflegte F\u00fc\u00dfe wird ungeachtet des Alters jeder Schritt ein leichterer und unbeschwerter sein.<\/p>\n\n\n\n<p class=\"has-text-align-center\"><em>Ihre Karina Dressel<\/em><\/p>\n\n\n\n<h2><img loading=\"lazy\" class=\"size-medium wp-image-17 aligncenter\" style=\"font-size: 16px;\" src=\"http:\/\/www.karina-fusspflege.com\/wp-content\/uploads\/2018\/06\/pflegeprodukte-300x300.jpg\" alt=\"\" width=\"300\" height=\"300\" srcset=\"https:\/\/www.karina-fusspflege.com\/wp-content\/uploads\/2018\/06\/pflegeprodukte-300x300.jpg 300w, https:\/\/www.karina-fusspflege.com\/wp-content\/uploads\/2018\/06\/pflegeprodukte-150x150.jpg 150w, https:\/\/www.karina-fusspflege.com\/wp-content\/uploads\/2018\/06\/pflegeprodukte.jpg 320w\" sizes=\"(max-width: 300px) 100vw, 300px\" \/><\/h2>\n","protected":false},"excerpt":{"rendered":"<p>Herzlich willkommen bei der mobilen Fusspflege von Karina Dressel &nbsp; Schritt f\u00fcr Schritt tragen unsere F\u00fc\u00dfe uns durch ein ganzes Leben.Trotzdem werden sie h\u00e4ufig zu sehr vernachl\u00e4ssigt. F\u00fcr m\u00fcde F\u00fc\u00dfe ist jeder Weg ein weiter Weg!Deshalb komme ich gerne zu&#8230;<\/p>\n","protected":false},"author":1,"featured_media":0,"parent":0,"menu_order":0,"comment_status":"closed","ping_status":"closed","template":"","meta":[],"_links":{"self":[{"href":"https:\/\/www.karina-fusspflege.com\/index.php?rest_route=\/wp\/v2\/pages\/57"}],"collection":[{"href":"https:\/\/www.karina-fusspflege.com\/index.php?rest_route=\/wp\/v2\/pages"}],"about":[{"href":"https:\/\/www.karina-fusspflege.com\/index.php?rest_route=\/wp\/v2\/types\/page"}],"author":[{"embeddable":true,"href":"https:\/\/www.karina-fusspflege.com\/index.php?rest_route=\/wp\/v2\/users\/1"}],"replies":[{"embeddable":true,"href":"https:\/\/www.karina-fusspflege.com\/index.php?rest_route=%2Fwp%2Fv2%2Fcomments&post=57"}],"version-history":[{"count":16,"href":"https:\/\/www.karina-fusspflege.com\/index.php?rest_route=\/wp\/v2\/pages\/57\/revisions"}],"predecessor-version":[{"id":153,"href":"https:\/\/www.karina-fusspflege.com\/index.php?rest_route=\/wp\/v2\/pages\/57\/revisions\/153"}],"wp:attachment":[{"href":"https:\/\/www.karina-fusspflege.com\/index.php?rest_route=%2Fwp%2Fv2%2Fmedia&parent=57"}],"curies":[{"name":"wp","href":"https:\/\/api.w.org\/{rel}","templated":true}]}}